{"id":30687,"date":"2024-05-22T10:38:31","date_gmt":"2024-05-22T13:38:31","guid":{"rendered":"https:\/\/www.infobioquimica.com\/new\/?page_id=30687"},"modified":"2024-08-13T10:43:55","modified_gmt":"2024-08-13T13:43:55","slug":"quienes-somos","status":"publish","type":"page","link":"https:\/\/www.infobioquimica.com\/new\/quienes-somos\/","title":{"rendered":"Quienes Somos"},"content":{"rendered":"<div class=\"wp-block-columns is-layout-flex wp-container-core-columns-is-layout-9d6595d7 wp-block-columns-is-layout-flex\"><div class=\"wp-block-column is-layout-flow wp-block-column-is-layout-flow\" style=\"flex-basis:100%\"><h3 class=\"wp-block-heading\">Director<\/h3>\n\n<h4 class=\"wp-block-heading\">Hern\u00e1n Fares Taie<\/h4>\n\n<figure class=\"wp-block-image is-resized\"><a href=\"https:\/\/www.infobioquimica.com\/new\/wp-content\/uploads\/2022\/11\/hernan-scaled.jpg\"><img loading=\"lazy\" decoding=\"async\" width=\"1024\" height=\"772\" src=\"https:\/\/www.infobioquimica.com\/new\/wp-content\/uploads\/2022\/11\/hernan-1024x772.jpg\" alt=\"\" class=\"wp-image-28093\" style=\"width:400px\" srcset=\"https:\/\/www.infobioquimica.com\/new\/wp-content\/uploads\/2022\/11\/hernan-1024x772.jpg 1024w, https:\/\/www.infobioquimica.com\/new\/wp-content\/uploads\/2022\/11\/hernan-300x226.jpg 300w, https:\/\/www.infobioquimica.com\/new\/wp-content\/uploads\/2022\/11\/hernan-768x579.jpg 768w, https:\/\/www.infobioquimica.com\/new\/wp-content\/uploads\/2022\/11\/hernan-1536x1159.jpg 1536w, https:\/\/www.infobioquimica.com\/new\/wp-content\/uploads\/2022\/11\/hernan-2048x1545.jpg 2048w, https:\/\/www.infobioquimica.com\/new\/wp-content\/uploads\/2022\/11\/hernan-80x60.jpg 80w, https:\/\/www.infobioquimica.com\/new\/wp-content\/uploads\/2022\/11\/hernan-696x525.jpg 696w, https:\/\/www.infobioquimica.com\/new\/wp-content\/uploads\/2022\/11\/hernan-1068x806.jpg 1068w, https:\/\/www.infobioquimica.com\/new\/wp-content\/uploads\/2022\/11\/hernan-557x420.jpg 557w\" sizes=\"auto, (max-width: 1024px) 100vw, 1024px\" \/><\/a><\/figure>\n\n<h3 class=\"wp-block-heading\">Conducci\u00f3n y producci\u00f3n General<\/h3>\n\n<h4 class=\"wp-block-heading\">Lic. Silvana Bujan<\/h4>\n\n<figure class=\"wp-block-image size-full\"><img loading=\"lazy\" decoding=\"async\" width=\"306\" height=\"436\" src=\"https:\/\/www.infobioquimica.com\/new\/wp-content\/uploads\/2024\/08\/Imagen-de-WhatsApp-2024-08-13-a-las-10.41.25_2bf6b000.jpg\" alt=\"\" class=\"wp-image-30986\" srcset=\"https:\/\/www.infobioquimica.com\/new\/wp-content\/uploads\/2024\/08\/Imagen-de-WhatsApp-2024-08-13-a-las-10.41.25_2bf6b000.jpg 306w, https:\/\/www.infobioquimica.com\/new\/wp-content\/uploads\/2024\/08\/Imagen-de-WhatsApp-2024-08-13-a-las-10.41.25_2bf6b000-211x300.jpg 211w, https:\/\/www.infobioquimica.com\/new\/wp-content\/uploads\/2024\/08\/Imagen-de-WhatsApp-2024-08-13-a-las-10.41.25_2bf6b000-295x420.jpg 295w\" sizes=\"auto, (max-width: 306px) 100vw, 306px\" \/><\/figure>\n\n<ul class=\"wp-block-list\"><li>Licenciada en Ciencias de la Comunicaci\u00f3n Social.<\/li>\n\n<li>Miembro de la Red Argentina de Periodismo Cient\u00edfico.<\/li>\n\n<li>Asesora en Ambiente.&nbsp;Consultora ambiental.<\/li>\n\n<li>Productora y conductora de dos programas de periodismo cient\u00edfico radial.<\/li>\n\n<li>Ganadora de 41 premios y reconocimientos, entre los que se incluyen:<ul class=\"wp-block-list\"><li>1\u00ba Premio Nacional de Periodismo, Academia Nacional de Periodismo.<\/li>\n\n<li>6 Mart\u00edn Fierro (Mejor programa de Salud, Mejor Labor en Conducci\u00f3n Radial, Mejor programa Informativo Radial, Mejor Programa de Ecolog\u00eda).<\/li>\n\n<li>1\u00ba Premio Divulgaci\u00f3n Cient\u00edfica, Universidad De Buenos Aires (UBA).<\/li>\n\n<li>1\u00ba Premio Hector Bergier, Asociaci\u00f3n M\u00e9dica Argentina al periodismo en salud.<\/li><\/ul><\/li><\/ul>\n\n<h3 class=\"wp-block-heading\">Asesores<\/h3>\n\n<h4 class=\"wp-block-heading\">Agustina Fares Taie<\/h4>\n\n<figure class=\"wp-block-image is-resized\"><a href=\"https:\/\/www.infobioquimica.com\/new\/wp-content\/uploads\/2022\/11\/Agustina-Fares-Taie-1.png\"><img loading=\"lazy\" decoding=\"async\" width=\"709\" height=\"1024\" src=\"https:\/\/www.infobioquimica.com\/new\/wp-content\/uploads\/2022\/11\/Agustina-Fares-Taie-1-709x1024.png\" alt=\"\" class=\"wp-image-28089\" style=\"width:300px\" srcset=\"https:\/\/www.infobioquimica.com\/new\/wp-content\/uploads\/2022\/11\/Agustina-Fares-Taie-1-709x1024.png 709w, https:\/\/www.infobioquimica.com\/new\/wp-content\/uploads\/2022\/11\/Agustina-Fares-Taie-1-208x300.png 208w, https:\/\/www.infobioquimica.com\/new\/wp-content\/uploads\/2022\/11\/Agustina-Fares-Taie-1-768x1109.png 768w, https:\/\/www.infobioquimica.com\/new\/wp-content\/uploads\/2022\/11\/Agustina-Fares-Taie-1-1064x1536.png 1064w, https:\/\/www.infobioquimica.com\/new\/wp-content\/uploads\/2022\/11\/Agustina-Fares-Taie-1-1418x2048.png 1418w, https:\/\/www.infobioquimica.com\/new\/wp-content\/uploads\/2022\/11\/Agustina-Fares-Taie-1-696x1005.png 696w, https:\/\/www.infobioquimica.com\/new\/wp-content\/uploads\/2022\/11\/Agustina-Fares-Taie-1-1068x1542.png 1068w, https:\/\/www.infobioquimica.com\/new\/wp-content\/uploads\/2022\/11\/Agustina-Fares-Taie-1-291x420.png 291w\" sizes=\"auto, (max-width: 709px) 100vw, 709px\" \/><\/a><\/figure>\n\n<ul class=\"wp-block-list\"><li>Licenciada en Bioqu\u00edmica. Universidad Nacional de La Plata.<\/li>\n\n<li>Colaboraci\u00f3n en contenidos de Infobioquimica.org y Radio El Microscopio.<\/li>\n\n<li>Administradora del Grupo J\u00f3venes Bioqu\u00edmicos en Facebook.<\/li>\n\n<li>Miembro del Comit\u00e9 Cient\u00edfico de Radio El Microscopio.<\/li><\/ul>\n\n<h4 class=\"wp-block-heading\">Santiago Fares Taie<\/h4>\n\n<figure class=\"wp-block-image is-resized\"><a href=\"https:\/\/www.infobioquimica.com\/new\/wp-content\/uploads\/2022\/11\/Santiago-Fares-Taie.png\"><img loading=\"lazy\" decoding=\"async\" width=\"709\" height=\"1024\" src=\"https:\/\/www.infobioquimica.com\/new\/wp-content\/uploads\/2022\/11\/Santiago-Fares-Taie-709x1024.png\" alt=\"\" class=\"wp-image-28090\" style=\"width:300px\" srcset=\"https:\/\/www.infobioquimica.com\/new\/wp-content\/uploads\/2022\/11\/Santiago-Fares-Taie-709x1024.png 709w, https:\/\/www.infobioquimica.com\/new\/wp-content\/uploads\/2022\/11\/Santiago-Fares-Taie-208x300.png 208w, https:\/\/www.infobioquimica.com\/new\/wp-content\/uploads\/2022\/11\/Santiago-Fares-Taie-768x1110.png 768w, https:\/\/www.infobioquimica.com\/new\/wp-content\/uploads\/2022\/11\/Santiago-Fares-Taie-1063x1536.png 1063w, https:\/\/www.infobioquimica.com\/new\/wp-content\/uploads\/2022\/11\/Santiago-Fares-Taie-1418x2048.png 1418w, https:\/\/www.infobioquimica.com\/new\/wp-content\/uploads\/2022\/11\/Santiago-Fares-Taie-696x1005.png 696w, https:\/\/www.infobioquimica.com\/new\/wp-content\/uploads\/2022\/11\/Santiago-Fares-Taie-1068x1543.png 1068w, https:\/\/www.infobioquimica.com\/new\/wp-content\/uploads\/2022\/11\/Santiago-Fares-Taie-291x420.png 291w\" sizes=\"auto, (max-width: 709px) 100vw, 709px\" \/><\/a><\/figure>\n\n<ul class=\"wp-block-list\"><li>Licenciado en Bioqu\u00edmica. Universidad Nacional de La Plata.<\/li>\n\n<li>Miembro de la Fuerza de Trabajo de J\u00f3venes Cient\u00edficos de la IFCC<\/li>\n\n<li>Colaboraci\u00f3n en contenidos de Infobioquimica.org y Radio El Microscopio.<\/li>\n\n<li>Miembro del Comit\u00e9 Cient\u00edfico de Radio El Microscopio.<\/li><\/ul>\n\n<h5 class=\"wp-block-heading\"><\/h5>\n\n<h3 class=\"wp-block-heading\">Comit\u00e9 Cient\u00edfico:<\/h3>\n\n<p><strong>Dra. Maria Patricia Gentili<\/strong><\/p>\n\n<figure class=\"wp-block-table\"><table><tbody><tr><td><a href=\"https:\/\/web.archive.org\/web\/20210725092303\/https:\/\/www.infobioquimica.com\/new\/wp-content\/uploads\/2016\/02\/pgentili.jpg\"><\/a><\/td><td>Bioqu\u00edmica, especialista en Inmunolog\u00eda Cl\u00ednica.<\/td><\/tr><\/tbody><\/table><\/figure>\n\n<p><strong>Dra. Lorena Keller&nbsp;<\/strong><\/p>\n\n<figure class=\"wp-block-table\"><table><tbody><tr><td><a href=\"https:\/\/web.archive.org\/web\/20210725092303\/https:\/\/www.infobioquimica.com\/new\/wp-content\/uploads\/2016\/02\/keller.jpg\"><\/a><\/td><td>Bioqu\u00edmica.<\/td><\/tr><\/tbody><\/table><\/figure>\n\n<p><strong>Dra. Dolores Gagey<\/strong><\/p>\n\n<figure class=\"wp-block-table\"><table><tbody><tr><td><a href=\"https:\/\/web.archive.org\/web\/20210725092303\/https:\/\/www.infobioquimica.com\/new\/wp-content\/uploads\/2016\/02\/gagey.jpg\"><\/a><\/td><td>Bioqu\u00edmica, Dra. en Bioqu\u00edmica.<\/td><\/tr><\/tbody><\/table><\/figure>\n\n<p><strong>Dra. Romina Ranocchia<\/strong><\/p>\n\n<figure class=\"wp-block-table\"><table><tbody><tr><td><a href=\"https:\/\/web.archive.org\/web\/20210725092303\/https:\/\/www.infobioquimica.com\/new\/wp-content\/uploads\/2016\/02\/ranocchia.jpg\"><\/a><\/td><td>Bioqu\u00edmica, Dra. en Ciencias Qu\u00edmicas.<\/td><\/tr><\/tbody><\/table><\/figure><\/div><\/div>","protected":false},"excerpt":{"rendered":"<p>Director Hern\u00e1n Fares Taie Conducci\u00f3n y producci\u00f3n General Lic. Silvana Bujan Asesores Agustina Fares Taie Santiago Fares Taie Comit\u00e9 Cient\u00edfico: Dra. Maria Patricia Gentili Bioqu\u00edmica, especialista en Inmunolog\u00eda Cl\u00ednica. Dra. Lorena Keller&nbsp; Bioqu\u00edmica. Dra. Dolores Gagey Bioqu\u00edmica, Dra. en Bioqu\u00edmica. Dra. Romina Ranocchia Bioqu\u00edmica, Dra. en Ciencias Qu\u00edmicas.<\/p>\n","protected":false},"author":14117,"featured_media":0,"parent":0,"menu_order":0,"comment_status":"closed","ping_status":"closed","template":"page.php","meta":{"twitterCardType":"","cardImageID":0,"cardImage":"","cardTitle":"","cardDesc":"","cardImageAlt":"","cardPlayer":"","cardPlayerWidth":0,"cardPlayerHeight":0,"cardPlayerStream":"","cardPlayerCodec":"","footnotes":""},"class_list":["post-30687","page","type-page","status-publish","hentry"],"acf":[],"_links":{"self":[{"href":"https:\/\/www.infobioquimica.com\/new\/wp-json\/wp\/v2\/pages\/30687","targetHints":{"allow":["GET"]}}],"collection":[{"href":"https:\/\/www.infobioquimica.com\/new\/wp-json\/wp\/v2\/pages"}],"about":[{"href":"https:\/\/www.infobioquimica.com\/new\/wp-json\/wp\/v2\/types\/page"}],"author":[{"embeddable":true,"href":"https:\/\/www.infobioquimica.com\/new\/wp-json\/wp\/v2\/users\/14117"}],"replies":[{"embeddable":true,"href":"https:\/\/www.infobioquimica.com\/new\/wp-json\/wp\/v2\/comments?post=30687"}],"version-history":[{"count":9,"href":"https:\/\/www.infobioquimica.com\/new\/wp-json\/wp\/v2\/pages\/30687\/revisions"}],"predecessor-version":[{"id":30987,"href":"https:\/\/www.infobioquimica.com\/new\/wp-json\/wp\/v2\/pages\/30687\/revisions\/30987"}],"wp:attachment":[{"href":"https:\/\/www.infobioquimica.com\/new\/wp-json\/wp\/v2\/media?parent=30687"}],"curies":[{"name":"wp","href":"https:\/\/api.w.org\/{rel}","templated":true}]}}