{"id":5606,"date":"2016-01-28T12:14:50","date_gmt":"2016-01-28T15:14:50","guid":{"rendered":"https:\/\/www.infobioquimica.com\/new\/?page_id=5606"},"modified":"2016-04-20T10:16:46","modified_gmt":"2016-04-20T13:16:46","slug":"sabio-sistema-de-asistencia-bioquimica","status":"publish","type":"page","link":"https:\/\/www.infobioquimica.com\/new\/sabio-sistema-de-asistencia-bioquimica\/","title":{"rendered":"SABio: Sistema de Asistencia Bioqu\u00edmica"},"content":{"rendered":"<h2><img decoding=\"async\" src=\"https:\/\/www.infobioquimica.com\/images\/logosabio-web1.png\" alt=\"\" border=\"0\" \/><\/h2>\n<h2>Visi\u00f3n<\/h2>\n<p>\u201cSer un centro de Gesti\u00f3n del Conocimiento Bioqu\u00edmico que trascienda por mejorar la efectividad de la informaci\u00f3n bioqu\u00edmica en los sistemas de salud.\u201d<\/p>\n<h2>Misi\u00f3n<\/h2>\n<p>\u201cSocializar el conocimiento bioqu\u00edmico homologado, para facilitar su uso e interpretaci\u00f3n, transform\u00e1ndolo en una mejor herramienta para la toma de decisiones.\u201d<\/p>\n<h2>Valores<\/h2>\n<ul>\n<li>Comunicaci\u00f3n.<\/li>\n<li>Confiabilidad.<\/li>\n<li>Innovaci\u00f3n.<\/li>\n<li>Simplicidad.<\/li>\n<li>Transdisciplina.<\/li>\n<li>Utilidad.<\/li>\n<\/ul>\n","protected":false},"excerpt":{"rendered":"<p>Visi\u00f3n \u201cSer un centro de Gesti\u00f3n del Conocimiento Bioqu\u00edmico que trascienda por mejorar la efectividad de la informaci\u00f3n bioqu\u00edmica en los sistemas de salud.\u201d Misi\u00f3n \u201cSocializar el conocimiento bioqu\u00edmico homologado, para facilitar su uso e interpretaci\u00f3n, transform\u00e1ndolo en una mejor herramienta para la toma de decisiones.\u201d Valores Comunicaci\u00f3n. Confiabilidad. Innovaci\u00f3n. Simplicidad. Transdisciplina. Utilidad.<\/p>\n","protected":false},"author":8,"featured_media":0,"parent":0,"menu_order":0,"comment_status":"closed","ping_status":"closed","template":"","meta":{"twitterCardType":"","cardImageID":0,"cardImage":"","cardTitle":"","cardDesc":"","cardImageAlt":"","cardPlayer":"","cardPlayerWidth":0,"cardPlayerHeight":0,"cardPlayerStream":"","cardPlayerCodec":"","footnotes":""},"class_list":["post-5606","page","type-page","status-publish","hentry"],"acf":[],"_links":{"self":[{"href":"https:\/\/www.infobioquimica.com\/new\/wp-json\/wp\/v2\/pages\/5606","targetHints":{"allow":["GET"]}}],"collection":[{"href":"https:\/\/www.infobioquimica.com\/new\/wp-json\/wp\/v2\/pages"}],"about":[{"href":"https:\/\/www.infobioquimica.com\/new\/wp-json\/wp\/v2\/types\/page"}],"author":[{"embeddable":true,"href":"https:\/\/www.infobioquimica.com\/new\/wp-json\/wp\/v2\/users\/8"}],"replies":[{"embeddable":true,"href":"https:\/\/www.infobioquimica.com\/new\/wp-json\/wp\/v2\/comments?post=5606"}],"version-history":[{"count":3,"href":"https:\/\/www.infobioquimica.com\/new\/wp-json\/wp\/v2\/pages\/5606\/revisions"}],"predecessor-version":[{"id":8286,"href":"https:\/\/www.infobioquimica.com\/new\/wp-json\/wp\/v2\/pages\/5606\/revisions\/8286"}],"wp:attachment":[{"href":"https:\/\/www.infobioquimica.com\/new\/wp-json\/wp\/v2\/media?parent=5606"}],"curies":[{"name":"wp","href":"https:\/\/api.w.org\/{rel}","templated":true}]}}