{"id":5726,"date":"2016-02-02T14:13:09","date_gmt":"2016-02-02T17:13:09","guid":{"rendered":"https:\/\/www.infobioquimica.com\/new\/?page_id=5726"},"modified":"2017-09-02T19:09:33","modified_gmt":"2017-09-02T22:09:33","slug":"como-participar","status":"publish","type":"page","link":"https:\/\/www.infobioquimica.com\/new\/como-participar\/","title":{"rendered":"\u00bfC\u00f3mo participar?"},"content":{"rendered":"<h1 class=\"header\">Proyecto SABio<\/h1>\n<h4><em><strong>Sistema de Asistencia Bioqu\u00edmica<\/strong><\/em><\/h4>\n<p>Nuestro proyecto se encuentra abierto a profesionales que quieran colaborar con la construcci\u00f3n colectiva del conocimiento bioqu\u00edmico.<\/p>\n<p><strong>Existen distintas maneras de colaborar:<\/strong><\/p>\n<ul>\n<li>Formando parte de nuestro plantel de profesionales encargados de completar informaci\u00f3n sobre pruebas de laboratorio espec\u00edficas o sobre situaciones cl\u00ednicas que tengan relaci\u00f3n con la bioqu\u00edmica.<\/li>\n<li>Formando parte de nuestro plantel de revisores. Los revisores\u00a0analizan\u00a0la informaci\u00f3n que contiene el sistema y pueden sugerir cambios de ser necesario.<\/li>\n<li>Envi\u00e1ndonos material de inter\u00e9s para profesionales. Dicho material debe contener informaci\u00f3n que pueda ayudar a los profesionales a tomar mejores decisiones.<\/li>\n<li>Participando\u00a0de las\u00a0discusiones\u00a0a trav\u00e9s de nuestros foros.<\/li>\n<\/ul>\n<div><strong>Puede comunicarse con nosotros para colaborar,\u00a0sugerir\u00a0ideas o solicitar informaci\u00f3n:<\/strong><\/div>\n<div>\n<div class=\"floatleft fp-contact\">\n<ul class=\"list-icon nomarginbottom largemargintop\">\n<li><span class=\"text-icon email\"><strong>e-mail: <\/strong><a href=\"mailto:sistemas@infobioquimica.com.ar\">sistemas@infobioquimica.com.ar<\/a> \/ <a href=\"mailto:secretaria@infobioquimica.com.ar\">secretaria@infobioquimica.com.ar<\/a><\/span><\/li>\n<li><span class=\"text-icon person\">Direcci\u00f3n: Rivadavia 3331 &#8211;\u00a0Mar del Plata (CP 7600), Buenos Aires, Argentina.<\/span><\/li>\n<li><span class=\"text-icon phone\">Tel\u00e9fonos: +54 (0223) 410-4820 al 27 \u00a0(int. 137) \/\u00a0475-3855 al 58.<\/span><\/li>\n<\/ul>\n<\/div>\n<\/div>\n","protected":false},"excerpt":{"rendered":"<p>Proyecto SABio Sistema de Asistencia Bioqu\u00edmica Nuestro proyecto se encuentra abierto a profesionales que quieran colaborar con la construcci\u00f3n colectiva del conocimiento bioqu\u00edmico. Existen distintas maneras de colaborar: Formando parte de nuestro plantel de profesionales encargados de completar informaci\u00f3n sobre pruebas de laboratorio espec\u00edficas o sobre situaciones cl\u00ednicas que tengan relaci\u00f3n con la bioqu\u00edmica. Formando [&hellip;]<\/p>\n","protected":false},"author":1,"featured_media":0,"parent":0,"menu_order":0,"comment_status":"closed","ping_status":"closed","template":"","meta":{"twitterCardType":"summary_large_image","cardImageID":0,"cardImage":"","cardTitle":"","cardDesc":"","cardImageAlt":"","cardPlayer":"","cardPlayerWidth":0,"cardPlayerHeight":0,"cardPlayerStream":"","cardPlayerCodec":"","footnotes":""},"class_list":["post-5726","page","type-page","status-publish","hentry"],"acf":[],"_links":{"self":[{"href":"https:\/\/www.infobioquimica.com\/new\/wp-json\/wp\/v2\/pages\/5726","targetHints":{"allow":["GET"]}}],"collection":[{"href":"https:\/\/www.infobioquimica.com\/new\/wp-json\/wp\/v2\/pages"}],"about":[{"href":"https:\/\/www.infobioquimica.com\/new\/wp-json\/wp\/v2\/types\/page"}],"author":[{"embeddable":true,"href":"https:\/\/www.infobioquimica.com\/new\/wp-json\/wp\/v2\/users\/1"}],"replies":[{"embeddable":true,"href":"https:\/\/www.infobioquimica.com\/new\/wp-json\/wp\/v2\/comments?post=5726"}],"version-history":[{"count":2,"href":"https:\/\/www.infobioquimica.com\/new\/wp-json\/wp\/v2\/pages\/5726\/revisions"}],"predecessor-version":[{"id":16692,"href":"https:\/\/www.infobioquimica.com\/new\/wp-json\/wp\/v2\/pages\/5726\/revisions\/16692"}],"wp:attachment":[{"href":"https:\/\/www.infobioquimica.com\/new\/wp-json\/wp\/v2\/media?parent=5726"}],"curies":[{"name":"wp","href":"https:\/\/api.w.org\/{rel}","templated":true}]}}